{"id":2409,"date":"2021-04-27T13:57:52","date_gmt":"2021-04-27T10:57:52","guid":{"rendered":"http:\/\/netitworks.ro\/politica-de-confidentialitate\/"},"modified":"2022-09-20T16:34:43","modified_gmt":"2022-09-20T13:34:43","slug":"privacy-policy","status":"publish","type":"page","link":"https:\/\/netitworks.ro\/en\/privacy-policy\/","title":{"rendered":"Privacy Policy"},"content":{"rendered":"\r\n<p><strong>Generalit\u0103\u021bi<\/strong><\/p>\r\n<p>In conformitate cu legisla\u021bia de protec\u021bia datelor in vigoare (GDPR si legisla\u021bia na\u021bional\u0103 aplicabila), va prezentam mai jos Politica cu privire la prelucrarea datelor dumneavoastr\u0103 personale, in calitate de vizitator al website-ului nostru\u00a0<a href=\"http:\/\/www.netitworks.ro\">www.netitworks.ro<\/a>.<\/p>\r\n<p>Prin \u201cnoi\u201d se \u00een\u021belege compania noastr\u0103 iar detalii despre noi reg\u0103si\u021bi la finalul acestui document.<\/p>\r\n<p><strong>Date colectate si scopul prelucr\u0103rii lor<\/strong><\/p>\r\n<p>Colectam si prelucram date personale pe care ni le transmite\u021bi in mod voluntar, atunci c\u00e2nd dori\u021bi sa lua\u021bi leg\u0103tura direct cu noi, pentru suport si asistenta (\u00eentreb\u0103ri\/clarific\u0103ri cu privire la serviciile noastre, cereri de oferta, feedback, etc.).\u00a0<\/p>\r\n<p>Astfel, de regula prelucram date de identitate (nume, prenume), date de contact (email, tel) si \/sau date legate de profesie (ex: compania la care lucra\u021bi).<\/p>\r\n<p>Atunci c\u00e2nd va abona\u021bi la Newsletter, vom prelucra adresa dumneavoastr\u0103 de email pentru a va transmite newsletterele.<\/p>\r\n<p>Colectam automat si prelucram alte date personale prin intermediul sistemelor informatice si a\u00a0cookie-urilor\u00a0(date precum IP, loca\u021bia geografica, set\u0103ri de browser, durata vizitei, navigare pagini website, etc.), cu scopurile de a asigura securitatea administr\u0103rii in sensul diagnostic\u0103rii problemelor de conectivitate si prevenirea fraudelor precum si de a analiza aspecte legate de vizitatorii website-ului (loca\u021bii geografice, preferin\u021be navigare, etc.) pentru \u00eembun\u0103t\u0103\u021birea acestuia.<\/p>\r\n<p>Vom p\u0103stra datele personale colectate \u00eentr-o perioad\u0103 limitat\u0103 de timp, \u00een conformitate cu politicile interne \u0219i cu orice legisla\u021bie aplicabil\u0103, at\u00e2ta timp cat este un scop valid si o baza legala de prelucrare a datelor identificata.<\/p>\r\n<p>Bazele legale de prelucrare sunt consim\u021b\u0103m\u00e2ntul dumneavoastr\u0103 (ex: prelucrare cookie-uri non-necesare, abonare newsletter), interesul nostru legitim (ex: colectare automata date), execu\u021bia contractului (ex: cereri de oferta in vederea contract\u0103rii serviciilor noastre) sau \u00eendeplinirea unei obliga\u021bii legale.<\/p>\r\n<p><strong>P\u0103strarea datelor si transfer c\u0103tre ter\u021be p\u0103r\u021bi<\/strong><strong>\u00a0<\/strong><\/p>\r\n<p>P\u0103str\u0103m datele dumneavoastr\u0103 personale pe o perioad\u0103 care nu este mai mare dec\u00e2t cea necesar\u0103 \u00eendeplinirii scopurilor men\u021bionate, \u00een conformitate cu cerin\u021bele legale \u0219i cu programul intern de reten\u021bie a datelor.\u00a0<\/p>\r\n<p>Datele colectate direct de la dumneavoastr\u0103 nu sunt transferate niciunei ter\u021be p\u0103r\u021bi, \u00een mod standard, cu excep\u021bia furnizorilor care ne asigur\u0103 serviciile suport pentru buna desf\u0103\u0219urare a activit\u0103\u021bii (ex: mentenan\u021b\u0103 website, suport tehnic IT).<\/p>\r\n<p>Doar dac\u0103 este necesar, vom transmite datele dumneavoastr\u0103 c\u0103tre diverse autorit\u0103\u021bi, institu\u021bii publice, avoca\u021bi, auditori, consultan\u021bi externi \u2013 exclusiv in m\u0103sura in care este nevoie ca acestea sa fie cunoscute sau prelucrate conform cerin\u021belor legale aplicabile, inclusiv atunci c\u00e2nd ne exercitam dreptul nostru de ap\u0103rare in fata unor reclama\u021bii \/ litigii.<br \/>Datele dumneavoastr\u0103 personale nu p\u0103r\u0103sesc in mod standard spa\u021biul UE, iar atunci c\u00e2nd acest lucru este realizat, ne asigur\u0103m s\u0103 existe protec\u021bii adecvate (decizii de adecvare, SCC, etc.).<\/p>\r\n<p><strong>Securitatea datelor<\/strong><strong>\u00a0<\/strong><\/p>\r\n<p>Securitatea datelor este unul din obiectivele noastre importante, acoperind subiecte precum confiden\u021bialitatea, integritatea si disponibilitatea acestora. Prin m\u0103suri organizatorice \u0219i tehnice bine stabilite, ne asigur\u0103m c\u0103 datele dumneavoastr\u0103 sunt protejate.\u00a0<\/p>\r\n<p><strong>Drepturile dumneavoastr\u0103<\/strong><strong>\u00a0<\/strong><\/p>\r\n<p>\u00cen baza prevederilor legale aplicabile \u00een materie de protec\u021bia datelor, ave\u021bi urm\u0103toarele drepturi:<\/p>\r\n<ul>\r\n<li>Dreptul de acces la date (ne pute\u021bi solicita oric\u00e2nd informa\u021bii cu privire la datele prelucrate)<\/li>\r\n<li>Dreptul de rectificare a datelor (ne pute\u021bi solicita update-ul datelor de\u021binute de noi)<\/li>\r\n<li>Dreptul de \u0219tergere a datelor (in conformitate cu cerin\u021bele aplicabile, ne pute\u021bi solicita \u0219tergerea datelor)<\/li>\r\n<li>Dreptul de obiec\u021bie cu privire la prelucrarea datelor<\/li>\r\n<li>Dreptul de portabilitate a datelor<\/li>\r\n<li>Dreptul de obiec\u021bie cu privire la decizii automate si profilare, care pot avea efecte semnificative<\/li>\r\n<li>Dreptul de a v\u0103 adresa direct Autorit\u0103\u021bii de Supraveghere, \u00een vederea depunerii unei pl\u00e2ngeri (<a href=\"https:\/\/www.dataprotection.ro\/\">www.dataprotection.ro<\/a>)<\/li>\r\n<\/ul>\r\n<p>Ne rezerv\u0103m dreptul de a modifica aceasta Politic\u0103 ori de cate ori consider\u0103m c\u0103 este necesar si v\u0103 invit\u0103m s\u0103 o parcurge\u021bi \u00een mod regulat.<\/p>\r\n<p><strong>Date de contact<\/strong><\/p>\r\n<p>Elektroweigl SRL<br \/>Str.Siretului, nr.29, Cluj-Napoca, Romania<br \/>office@itnetworks.ro<br \/>+40 264 433 715<\/p>\r\n","protected":false},"excerpt":{"rendered":"<p>Generalit\u0103\u021bi In conformitate cu legisla\u021bia de protec\u021bia datelor in vigoare (GDPR si legisla\u021bia na\u021bional\u0103 aplicabila), va prezentam mai jos Politica cu privire la prelucrarea datelor dumneavoastr\u0103 personale, in calitate de vizitator al website-ului nostru\u00a0www.netitworks.ro. Prin \u201cnoi\u201d se \u00een\u021belege compania noastr\u0103 iar detalii despre noi reg\u0103si\u021bi la finalul acestui document. Date colectate si scopul prelucr\u0103rii lor [&hellip;]<\/p>\n","protected":false},"author":1,"featured_media":0,"parent":0,"menu_order":10,"comment_status":"closed","ping_status":"closed","template":"","meta":{"_uf_show_specific_survey":0,"_uf_disable_surveys":false,"footnotes":""},"class_list":["post-2409","page","type-page","status-publish","hentry"],"aioseo_notices":[],"_links":{"self":[{"href":"https:\/\/netitworks.ro\/en\/wp-json\/wp\/v2\/pages\/2409","targetHints":{"allow":["GET"]}}],"collection":[{"href":"https:\/\/netitworks.ro\/en\/wp-json\/wp\/v2\/pages"}],"about":[{"href":"https:\/\/netitworks.ro\/en\/wp-json\/wp\/v2\/types\/page"}],"author":[{"embeddable":true,"href":"https:\/\/netitworks.ro\/en\/wp-json\/wp\/v2\/users\/1"}],"replies":[{"embeddable":true,"href":"https:\/\/netitworks.ro\/en\/wp-json\/wp\/v2\/comments?post=2409"}],"version-history":[{"count":2,"href":"https:\/\/netitworks.ro\/en\/wp-json\/wp\/v2\/pages\/2409\/revisions"}],"predecessor-version":[{"id":3862,"href":"https:\/\/netitworks.ro\/en\/wp-json\/wp\/v2\/pages\/2409\/revisions\/3862"}],"wp:attachment":[{"href":"https:\/\/netitworks.ro\/en\/wp-json\/wp\/v2\/media?parent=2409"}],"curies":[{"name":"wp","href":"https:\/\/api.w.org\/{rel}","templated":true}]}}